{"id":3,"date":"2022-11-23T14:19:41","date_gmt":"2022-11-23T19:19:41","guid":{"rendered":"https:\/\/quickfix.repairlift.site\/?page_id=3"},"modified":"2025-09-11T15:35:56","modified_gmt":"2025-09-11T19:35:56","slug":"privacy-policy","status":"publish","type":"page","link":"https:\/\/reparationtech.ca\/fr\/privacy-policy\/","title":{"rendered":"Politique de confidentialit\u00e9"},"content":{"rendered":"<div class=\"wp-block-group safari_only_group has-global-padding is-layout-constrained wp-container-core-group-is-layout-35ee55f9 wp-block-group-is-layout-constrained\" style=\"padding-top:var(--wp--preset--spacing--30);padding-right:var(--wp--preset--spacing--40);padding-bottom:var(--wp--preset--spacing--30);padding-left:var(--wp--preset--spacing--40)\"><h1 style=\"font-style:normal;font-weight:900;text-transform:none; padding-bottom:0;\" class=\"has-text-align-center safari_only_heading  wp-block-post-title\">Politique de confidentialit\u00e9<\/h1>\n\n\n<div class=\"wp-block-columns is-layout-flex wp-container-core-columns-is-layout-e6f27d69 wp-block-columns-is-layout-flex\" style=\"padding-bottom:var(--wp--preset--spacing--30)\">\n<div class=\"wp-block-column is-layout-flow wp-block-column-is-layout-flow\"><\/div>\n\n\n\n<div class=\"wp-block-column is-layout-flow wp-block-column-is-layout-flow\" style=\"flex-basis:60px\">\n<hr class=\"wp-block-separator aligncenter has-text-color has-secondary-color has-alpha-channel-opacity has-secondary-background-color has-background is-style-default\" style=\"margin-top:0;margin-bottom:0\"\/>\n<\/div>\n\n\n\n<div class=\"wp-block-column is-layout-flow wp-block-column-is-layout-flow\"><\/div>\n<\/div>\n<\/div>\n\n\n\n<div class=\"wp-block-group alignwide safari_only_group has-global-padding is-layout-constrained wp-container-core-group-is-layout-4c6b4271 wp-block-group-is-layout-constrained\" style=\"padding-right:var(--wp--preset--spacing--30);padding-bottom:var(--wp--preset--spacing--40);padding-left:var(--wp--preset--spacing--30)\">\n<p><strong>Date d'effet<\/strong>: 02\/08\/2024<\/p>\n\n\n\n<p><strong>Introduction<\/strong><\/p>\n\n\n\n<p>Bienvenue \u00e0 Reparation Tech ! La pr\u00e9sente politique de confidentialit\u00e9 d\u00e9crit la mani\u00e8re dont nous recueillons, utilisons et prot\u00e9geons vos informations personnelles identifiables (IPI) afin de garantir la transparence et de prot\u00e9ger votre vie priv\u00e9e. En utilisant nos services, vous acceptez les conditions \u00e9nonc\u00e9es dans cette politique.<\/p>\n\n\n\n<p><strong>Collecte et utilisation des informations<\/strong><\/p>\n\n\n\n<p>Nous collectons et utilisons les IIP dans le seul but d'am\u00e9liorer nos services et de vous offrir une exp\u00e9rience sans faille. Il peut s'agir d'informations telles que votre nom, vos coordonn\u00e9es et toute autre donn\u00e9e n\u00e9cessaire au fonctionnement de l'entreprise.<\/p>\n\n\n\n<p><strong>Partage d'informations<\/strong><\/p>\n\n\n\n<p>Nous respectons votre vie priv\u00e9e et ne vendons ni ne partageons vos IIP \u00e0 des fins de marketing. Toutefois, dans certains cas, le partage d'informations peut s'av\u00e9rer n\u00e9cessaire :<\/p>\n\n\n\n<p>1. Transactions commerciales : En cas de vente ou de fusion de nos activit\u00e9s.<\/p>\n\n\n\n<p>2. Respect de la l\u00e9gislation : Respecter les exigences l\u00e9gales.<\/p>\n\n\n\n<p>3. Responsabilit\u00e9s op\u00e9rationnelles : Pour les responsabilit\u00e9s op\u00e9rationnelles de l'entreprise, telles que le traitement des paiements.<\/p>\n\n\n\n<p>4. <strong>SMS consent is not shared with third parties.<\/strong> (View more about our SMS terms on our <a href=\"https:\/\/reparationtech.ca\/fr\/terms\/\">Terms and Conditions<\/a> page)<\/p>\n\n\n\n<p>M\u00eame si nous partageons des informations, nous veillons \u00e0 ce que les donn\u00e9es et le consentement de l'exp\u00e9diteur de la messagerie texte soient exclus. Ces informations ne seront pas communiqu\u00e9es \u00e0 des tiers.<\/p>\n\n\n\n<p><strong>Mesures de s\u00e9curit\u00e9<\/strong><\/p>\n\n\n\n<p>Nous utilisons des mesures de s\u00e9curit\u00e9 standard pour prot\u00e9ger vos donn\u00e9es contre l'acc\u00e8s, la divulgation, l'alt\u00e9ration et la destruction non autoris\u00e9s. Votre confiance est de la plus haute importance pour nous.<\/p>\n\n\n\n<p><strong>Modifications de la politique de confidentialit\u00e9<\/strong><\/p>\n\n\n\n<p>La pr\u00e9sente politique de confidentialit\u00e9 est susceptible d'\u00eatre modifi\u00e9e. Toute modification sera refl\u00e9t\u00e9e sur cette page et nous vous encourageons \u00e0 la consulter r\u00e9guli\u00e8rement.<\/p>\n\n\n\n<p><strong>Contactez-nous<\/strong><\/p>\n\n\n\n<p>Si vous avez des questions ou des pr\u00e9occupations concernant notre politique de protection de la vie priv\u00e9e, veuillez nous contacter <a href=\"tel:5146648084\">(514)-664-8084<\/a><\/p>\n\n\n\n<p>Merci d'avoir choisi Reparation Tech.<\/p>\n<\/div>\n\n\n\n<div style=\"height:100px\" aria-hidden=\"true\" class=\"wp-block-spacer\"><\/div>","protected":false},"excerpt":{"rendered":"<p>Effective Date: 02\/08\/2024 Introduction Welcome to Reparation Tech! This Privacy Policy outlines how we collect, use, and safeguard your Personally Identifiable Information (PII) to ensure transparency and protect your privacy. By engaging with our services, you agree to the terms outlined in this policy. Information Collection and Usage We collect and use PII for the [&hellip;]<\/p>\n","protected":false},"author":1,"featured_media":0,"parent":0,"menu_order":0,"comment_status":"closed","ping_status":"closed","template":"","meta":{"footnotes":""},"class_list":["post-3","page","type-page","status-publish","hentry"],"yoast_head":"<!-- This site is optimized with the Yoast SEO plugin v27.5 - https:\/\/yoast.com\/product\/yoast-seo-wordpress\/ -->\n<title>Privacy Policy - Reparation Tech<\/title>\n<meta name=\"robots\" content=\"index, follow, max-snippet:-1, max-image-preview:large, max-video-preview:-1\" \/>\n<link rel=\"canonical\" href=\"https:\/\/reparationtech.ca\/fr\/privacy-policy\/\" \/>\n<meta property=\"og:locale\" content=\"fr_CA\" \/>\n<meta property=\"og:type\" content=\"article\" \/>\n<meta property=\"og:title\" content=\"Privacy Policy - Reparation Tech\" \/>\n<meta property=\"og:description\" content=\"Effective Date: 02\/08\/2024 Introduction Welcome to Reparation Tech! This Privacy Policy outlines how we collect, use, and safeguard your Personally Identifiable Information (PII) to ensure transparency and protect your privacy. By engaging with our services, you agree to the terms outlined in this policy. Information Collection and Usage We collect and use PII for the [&hellip;]\" \/>\n<meta property=\"og:url\" content=\"https:\/\/reparationtech.ca\/fr\/privacy-policy\/\" \/>\n<meta property=\"og:site_name\" content=\"Reparation Tech\" \/>\n<meta property=\"article:modified_time\" content=\"2025-09-11T19:35:56+00:00\" \/>\n<meta name=\"twitter:card\" content=\"summary_large_image\" \/>\n<meta name=\"twitter:label1\" content=\"Estimation du temps de lecture\" \/>\n\t<meta name=\"twitter:data1\" content=\"2 minutes\" \/>\n<script type=\"application\/ld+json\" class=\"yoast-schema-graph\">{\"@context\":\"https:\\\/\\\/schema.org\",\"@graph\":[{\"@type\":\"WebPage\",\"@id\":\"https:\\\/\\\/reparationtech.ca\\\/privacy-policy\\\/\",\"url\":\"https:\\\/\\\/reparationtech.ca\\\/privacy-policy\\\/\",\"name\":\"Privacy Policy - Reparation Tech\",\"isPartOf\":{\"@id\":\"https:\\\/\\\/reparationtech.ca\\\/#website\"},\"datePublished\":\"2022-11-23T19:19:41+00:00\",\"dateModified\":\"2025-09-11T19:35:56+00:00\",\"breadcrumb\":{\"@id\":\"https:\\\/\\\/reparationtech.ca\\\/privacy-policy\\\/#breadcrumb\"},\"inLanguage\":\"fr-CA\",\"potentialAction\":[{\"@type\":\"ReadAction\",\"target\":[\"https:\\\/\\\/reparationtech.ca\\\/privacy-policy\\\/\"]}]},{\"@type\":\"BreadcrumbList\",\"@id\":\"https:\\\/\\\/reparationtech.ca\\\/privacy-policy\\\/#breadcrumb\",\"itemListElement\":[{\"@type\":\"ListItem\",\"position\":1,\"name\":\"Home\",\"item\":\"https:\\\/\\\/reparationtech.ca\\\/\"},{\"@type\":\"ListItem\",\"position\":2,\"name\":\"Privacy Policy\"}]},{\"@type\":\"WebSite\",\"@id\":\"https:\\\/\\\/reparationtech.ca\\\/#website\",\"url\":\"https:\\\/\\\/reparationtech.ca\\\/\",\"name\":\"Reparation Tech\",\"description\":\"Premier Device Repair in Quebec, Canada\",\"publisher\":{\"@id\":\"https:\\\/\\\/reparationtech.ca\\\/#organization\"},\"potentialAction\":[{\"@type\":\"SearchAction\",\"target\":{\"@type\":\"EntryPoint\",\"urlTemplate\":\"https:\\\/\\\/reparationtech.ca\\\/?s={search_term_string}\"},\"query-input\":{\"@type\":\"PropertyValueSpecification\",\"valueRequired\":true,\"valueName\":\"search_term_string\"}}],\"inLanguage\":\"fr-CA\"},{\"@type\":\"Organization\",\"@id\":\"https:\\\/\\\/reparationtech.ca\\\/#organization\",\"name\":\"Reparation Tech\",\"url\":\"https:\\\/\\\/reparationtech.ca\\\/\",\"logo\":{\"@type\":\"ImageObject\",\"inLanguage\":\"fr-CA\",\"@id\":\"https:\\\/\\\/reparationtech.ca\\\/#\\\/schema\\\/logo\\\/image\\\/\",\"url\":\"https:\\\/\\\/reparationtech.ca\\\/wp-content\\\/uploads\\\/2024\\\/05\\\/WhatsApp-Image-2023-12-26-at-05.24.18_1811a33a.png\",\"contentUrl\":\"https:\\\/\\\/reparationtech.ca\\\/wp-content\\\/uploads\\\/2024\\\/05\\\/WhatsApp-Image-2023-12-26-at-05.24.18_1811a33a.png\",\"width\":929,\"height\":316,\"caption\":\"Reparation Tech\"},\"image\":{\"@id\":\"https:\\\/\\\/reparationtech.ca\\\/#\\\/schema\\\/logo\\\/image\\\/\"}}]}<\/script>\n<!-- \/ Yoast SEO plugin. -->","yoast_head_json":{"title":"Privacy Policy - Reparation Tech","robots":{"index":"index","follow":"follow","max-snippet":"max-snippet:-1","max-image-preview":"max-image-preview:large","max-video-preview":"max-video-preview:-1"},"canonical":"https:\/\/reparationtech.ca\/fr\/privacy-policy\/","og_locale":"fr_CA","og_type":"article","og_title":"Privacy Policy - Reparation Tech","og_description":"Effective Date: 02\/08\/2024 Introduction Welcome to Reparation Tech! This Privacy Policy outlines how we collect, use, and safeguard your Personally Identifiable Information (PII) to ensure transparency and protect your privacy. By engaging with our services, you agree to the terms outlined in this policy. Information Collection and Usage We collect and use PII for the [&hellip;]","og_url":"https:\/\/reparationtech.ca\/fr\/privacy-policy\/","og_site_name":"Reparation Tech","article_modified_time":"2025-09-11T19:35:56+00:00","twitter_card":"summary_large_image","twitter_misc":{"Estimation du temps de lecture":"2 minutes"},"schema":{"@context":"https:\/\/schema.org","@graph":[{"@type":"WebPage","@id":"https:\/\/reparationtech.ca\/privacy-policy\/","url":"https:\/\/reparationtech.ca\/privacy-policy\/","name":"Privacy Policy - Reparation Tech","isPartOf":{"@id":"https:\/\/reparationtech.ca\/#website"},"datePublished":"2022-11-23T19:19:41+00:00","dateModified":"2025-09-11T19:35:56+00:00","breadcrumb":{"@id":"https:\/\/reparationtech.ca\/privacy-policy\/#breadcrumb"},"inLanguage":"fr-CA","potentialAction":[{"@type":"ReadAction","target":["https:\/\/reparationtech.ca\/privacy-policy\/"]}]},{"@type":"BreadcrumbList","@id":"https:\/\/reparationtech.ca\/privacy-policy\/#breadcrumb","itemListElement":[{"@type":"ListItem","position":1,"name":"Home","item":"https:\/\/reparationtech.ca\/"},{"@type":"ListItem","position":2,"name":"Privacy Policy"}]},{"@type":"WebSite","@id":"https:\/\/reparationtech.ca\/#website","url":"https:\/\/reparationtech.ca\/","name":"Reparation Tech","description":"R\u00e9paration Professionnelle d'appareils au Qu\u00e9bec, Canada","publisher":{"@id":"https:\/\/reparationtech.ca\/#organization"},"potentialAction":[{"@type":"SearchAction","target":{"@type":"EntryPoint","urlTemplate":"https:\/\/reparationtech.ca\/?s={search_term_string}"},"query-input":{"@type":"PropertyValueSpecification","valueRequired":true,"valueName":"search_term_string"}}],"inLanguage":"fr-CA"},{"@type":"Organization","@id":"https:\/\/reparationtech.ca\/#organization","name":"Reparation Tech","url":"https:\/\/reparationtech.ca\/","logo":{"@type":"ImageObject","inLanguage":"fr-CA","@id":"https:\/\/reparationtech.ca\/#\/schema\/logo\/image\/","url":"https:\/\/reparationtech.ca\/wp-content\/uploads\/2024\/05\/WhatsApp-Image-2023-12-26-at-05.24.18_1811a33a.png","contentUrl":"https:\/\/reparationtech.ca\/wp-content\/uploads\/2024\/05\/WhatsApp-Image-2023-12-26-at-05.24.18_1811a33a.png","width":929,"height":316,"caption":"Reparation Tech"},"image":{"@id":"https:\/\/reparationtech.ca\/#\/schema\/logo\/image\/"}}]}},"_links":{"self":[{"href":"https:\/\/reparationtech.ca\/fr\/wp-json\/wp\/v2\/pages\/3","targetHints":{"allow":["GET"]}}],"collection":[{"href":"https:\/\/reparationtech.ca\/fr\/wp-json\/wp\/v2\/pages"}],"about":[{"href":"https:\/\/reparationtech.ca\/fr\/wp-json\/wp\/v2\/types\/page"}],"author":[{"embeddable":true,"href":"https:\/\/reparationtech.ca\/fr\/wp-json\/wp\/v2\/users\/1"}],"replies":[{"embeddable":true,"href":"https:\/\/reparationtech.ca\/fr\/wp-json\/wp\/v2\/comments?post=3"}],"version-history":[{"count":8,"href":"https:\/\/reparationtech.ca\/fr\/wp-json\/wp\/v2\/pages\/3\/revisions"}],"predecessor-version":[{"id":13178,"href":"https:\/\/reparationtech.ca\/fr\/wp-json\/wp\/v2\/pages\/3\/revisions\/13178"}],"wp:attachment":[{"href":"https:\/\/reparationtech.ca\/fr\/wp-json\/wp\/v2\/media?parent=3"}],"curies":[{"name":"wp","href":"https:\/\/api.w.org\/{rel}","templated":true}]}}